{"id":6562,"date":"2023-08-03T17:04:20","date_gmt":"2023-08-03T21:04:20","guid":{"rendered":"https:\/\/www.onemarketer.net\/?page_id=6562"},"modified":"2023-08-03T17:04:20","modified_gmt":"2023-08-03T21:04:20","slug":"status-whatsapp-api","status":"publish","type":"page","link":"https:\/\/www.onemarketer.net\/pt-br\/status-whatsapp-api\/","title":{"rendered":"Status WhatsApp API"},"content":{"rendered":"<h2 style=\"text-align: center;\">WhatsApp Business API Reliability Dashboard<\/h2>\n<p style=\"text-align: center;\">Nesta se\u00e7\u00e3o, voc\u00ea pode acompanhar as m\u00e9tricas de disponibilidade e lat\u00eancia da API do Cloud em tempo real.<\/p>\n<p style=\"text-align: center;\">Al\u00e9m disso, veja o desempenho atual e hist\u00f3rico da plataforma WhatsApp Business, incluindo visualiza\u00e7\u00f5es de calend\u00e1rio dos \u00faltimos 90 dias de desempenho.<\/p>\n<h1 style=\"text-align: center;\"><\/h1>\n<h1 style=\"padding-left: 40px; text-align: center;\"><\/h1>\n<p style=\"padding-left: 40px; text-align: center;\"><iframe loading=\"lazy\" src=\"https:\/\/metastatus.com\/whatsapp-business-api\/\" width=\"90%\" height=\"1600\"><span data-mce-type=\"bookmark\" style=\"display: inline-block; width: 0px; overflow: hidden; line-height: 1000;\" class=\"mce_SELRES_start\"><span data-mce-type=\"bookmark\" style=\"display: inline-block; width: 0px; overflow: hidden; line-height: 0;\" class=\"mce_SELRES_start\">\ufeff<\/span>\ufeff<\/span><\/iframe><\/p>\n","protected":false},"excerpt":{"rendered":"<p>WhatsApp Business API Reliability Dashboard Nesta se\u00e7\u00e3o, voc\u00ea pode acompanhar as m\u00e9tricas de disponibilidade e lat\u00eancia da API do Cloud em tempo real. Al\u00e9m disso, veja o desempenho atual e hist\u00f3rico da plataforma WhatsApp Business, incluindo visualiza\u00e7\u00f5es de calend\u00e1rio dos \u00faltimos 90 dias de desempenho. \ufeff\ufeff<\/p>\n","protected":false},"author":18,"featured_media":0,"parent":0,"menu_order":0,"comment_status":"closed","ping_status":"closed","template":"","meta":{"_acf_changed":false,"footnotes":""},"class_list":["post-6562","page","type-page","status-publish","hentry"],"acf":[],"_links":{"self":[{"href":"https:\/\/www.onemarketer.net\/pt-br\/wp-json\/wp\/v2\/pages\/6562","targetHints":{"allow":["GET"]}}],"collection":[{"href":"https:\/\/www.onemarketer.net\/pt-br\/wp-json\/wp\/v2\/pages"}],"about":[{"href":"https:\/\/www.onemarketer.net\/pt-br\/wp-json\/wp\/v2\/types\/page"}],"author":[{"embeddable":true,"href":"https:\/\/www.onemarketer.net\/pt-br\/wp-json\/wp\/v2\/users\/18"}],"replies":[{"embeddable":true,"href":"https:\/\/www.onemarketer.net\/pt-br\/wp-json\/wp\/v2\/comments?post=6562"}],"version-history":[{"count":4,"href":"https:\/\/www.onemarketer.net\/pt-br\/wp-json\/wp\/v2\/pages\/6562\/revisions"}],"predecessor-version":[{"id":6566,"href":"https:\/\/www.onemarketer.net\/pt-br\/wp-json\/wp\/v2\/pages\/6562\/revisions\/6566"}],"wp:attachment":[{"href":"https:\/\/www.onemarketer.net\/pt-br\/wp-json\/wp\/v2\/media?parent=6562"}],"curies":[{"name":"wp","href":"https:\/\/api.w.org\/{rel}","templated":true}]}}