{"id":4641,"date":"2022-11-24T22:35:49","date_gmt":"2022-11-25T01:35:49","guid":{"rendered":"https:\/\/www.onemarketer.net\/?page_id=4641"},"modified":"2023-11-24T18:02:43","modified_gmt":"2023-11-24T21:02:43","slug":"trabalhe-conosco","status":"publish","type":"page","link":"https:\/\/www.onemarketer.net\/pt-br\/trabalhe-conosco\/","title":{"rendered":"Trabalhe conosco"},"content":{"rendered":"<p>Fomos um dos primeiros parceiros do WhatsApp e hoje estamos constantemente buscando novos parceiros para criar solu\u00e7\u00f5es de classe mundial e alcan\u00e7ar uma profunda internacionaliza\u00e7\u00e3o. Gostamos de trabalhar com excel\u00eancia, com gosto pelos detalhes e paix\u00e3o pelo que fazemos. Procuramos pessoas que queiram fazer parte da nossa equipe, que se sintam motivadas pelo que fazem todos os dias e que vejam os desafios como oportunidades e aprendizado.<\/p>\n","protected":false},"excerpt":{"rendered":"<p>Fomos um dos primeiros parceiros do WhatsApp e hoje estamos constantemente buscando novos parceiros para criar solu\u00e7\u00f5es de classe mundial e alcan\u00e7ar uma profunda internacionaliza\u00e7\u00e3o. Gostamos de trabalhar com excel\u00eancia, com gosto pelos detalhes e paix\u00e3o pelo que fazemos. Procuramos pessoas que queiram fazer parte da nossa equipe, que se sintam motivadas pelo que fazem&#8230;<\/p>\n","protected":false},"author":1,"featured_media":5577,"parent":0,"menu_order":0,"comment_status":"closed","ping_status":"closed","template":"page-trabaja-con-nosotros.php","meta":{"_acf_changed":false,"footnotes":""},"class_list":["post-4641","page","type-page","status-publish","has-post-thumbnail","hentry"],"acf":[],"_links":{"self":[{"href":"https:\/\/www.onemarketer.net\/pt-br\/wp-json\/wp\/v2\/pages\/4641","targetHints":{"allow":["GET"]}}],"collection":[{"href":"https:\/\/www.onemarketer.net\/pt-br\/wp-json\/wp\/v2\/pages"}],"about":[{"href":"https:\/\/www.onemarketer.net\/pt-br\/wp-json\/wp\/v2\/types\/page"}],"author":[{"embeddable":true,"href":"https:\/\/www.onemarketer.net\/pt-br\/wp-json\/wp\/v2\/users\/1"}],"replies":[{"embeddable":true,"href":"https:\/\/www.onemarketer.net\/pt-br\/wp-json\/wp\/v2\/comments?post=4641"}],"version-history":[{"count":10,"href":"https:\/\/www.onemarketer.net\/pt-br\/wp-json\/wp\/v2\/pages\/4641\/revisions"}],"predecessor-version":[{"id":7562,"href":"https:\/\/www.onemarketer.net\/pt-br\/wp-json\/wp\/v2\/pages\/4641\/revisions\/7562"}],"wp:featuredmedia":[{"embeddable":true,"href":"https:\/\/www.onemarketer.net\/pt-br\/wp-json\/wp\/v2\/media\/5577"}],"wp:attachment":[{"href":"https:\/\/www.onemarketer.net\/pt-br\/wp-json\/wp\/v2\/media?parent=4641"}],"curies":[{"name":"wp","href":"https:\/\/api.w.org\/{rel}","templated":true}]}}