{"id":4628,"date":"2022-11-24T21:30:19","date_gmt":"2022-11-25T00:30:19","guid":{"rendered":"https:\/\/www.onemarketer.net\/?page_id=4628"},"modified":"2025-01-28T11:16:06","modified_gmt":"2025-01-28T14:16:06","slug":"contato","status":"publish","type":"page","link":"https:\/\/www.onemarketer.net\/pt-br\/contato\/","title":{"rendered":"Contato"},"content":{"rendered":"<div id=\"attachment_10793\" style=\"width: 310px\" class=\"wp-caption alignnone\"><img loading=\"lazy\" decoding=\"async\" aria-describedby=\"caption-attachment-10793\" class=\"size-medium wp-image-10793\" src=\"https:\/\/www.onemarketer.net\/wp-content\/uploads\/2024\/12\/QR-CONTATO-300x225.png\" alt=\"entre em contato\" width=\"300\" height=\"225\" srcset=\"https:\/\/www.onemarketer.net\/wp-content\/uploads\/2024\/12\/QR-CONTATO-300x225.png 300w, https:\/\/www.onemarketer.net\/wp-content\/uploads\/2024\/12\/QR-CONTATO-1024x768.png 1024w, https:\/\/www.onemarketer.net\/wp-content\/uploads\/2024\/12\/QR-CONTATO-768x576.png 768w, https:\/\/www.onemarketer.net\/wp-content\/uploads\/2024\/12\/QR-CONTATO-50x38.png 50w, https:\/\/www.onemarketer.net\/wp-content\/uploads\/2024\/12\/QR-CONTATO-153x115.png 153w, https:\/\/www.onemarketer.net\/wp-content\/uploads\/2024\/12\/QR-CONTATO.png 1484w\" sizes=\"auto, (max-width: 300px) 100vw, 300px\" \/><p id=\"caption-attachment-10793\" class=\"wp-caption-text\">entre em contato<\/p><\/div>\n<p><strong>Queremos saber mais sobre voc\u00ea.<\/strong> Somos o seu parceiro em solu\u00e7\u00f5es digitais. Conectamos a sua marca com clientes e automatizamos o processo mediante intelig\u00eancia artificial. Al\u00e9m disso, voc\u00ea poder\u00e1 fechar neg\u00f3cios desde uma \u00fanica plataforma omnicanal.<\/p>\n","protected":false},"excerpt":{"rendered":"<p>Queremos saber mais sobre voc\u00ea. Somos o seu parceiro em solu\u00e7\u00f5es digitais. Conectamos a sua marca com clientes e automatizamos o processo mediante intelig\u00eancia artificial. Al\u00e9m disso, voc\u00ea poder\u00e1 fechar neg\u00f3cios desde uma \u00fanica plataforma omnicanal.<\/p>\n","protected":false},"author":1,"featured_media":0,"parent":0,"menu_order":0,"comment_status":"closed","ping_status":"closed","template":"page-contacto.php","meta":{"_acf_changed":false,"footnotes":""},"class_list":["post-4628","page","type-page","status-publish","hentry"],"acf":[],"_links":{"self":[{"href":"https:\/\/www.onemarketer.net\/pt-br\/wp-json\/wp\/v2\/pages\/4628","targetHints":{"allow":["GET"]}}],"collection":[{"href":"https:\/\/www.onemarketer.net\/pt-br\/wp-json\/wp\/v2\/pages"}],"about":[{"href":"https:\/\/www.onemarketer.net\/pt-br\/wp-json\/wp\/v2\/types\/page"}],"author":[{"embeddable":true,"href":"https:\/\/www.onemarketer.net\/pt-br\/wp-json\/wp\/v2\/users\/1"}],"replies":[{"embeddable":true,"href":"https:\/\/www.onemarketer.net\/pt-br\/wp-json\/wp\/v2\/comments?post=4628"}],"version-history":[{"count":13,"href":"https:\/\/www.onemarketer.net\/pt-br\/wp-json\/wp\/v2\/pages\/4628\/revisions"}],"predecessor-version":[{"id":10873,"href":"https:\/\/www.onemarketer.net\/pt-br\/wp-json\/wp\/v2\/pages\/4628\/revisions\/10873"}],"wp:attachment":[{"href":"https:\/\/www.onemarketer.net\/pt-br\/wp-json\/wp\/v2\/media?parent=4628"}],"curies":[{"name":"wp","href":"https:\/\/api.w.org\/{rel}","templated":true}]}}