{"id":8,"date":"2022-06-09T21:06:28","date_gmt":"2022-06-10T01:06:28","guid":{"rendered":"https:\/\/www.onemarketer.net\/?page_id=8"},"modified":"2023-11-24T18:00:49","modified_gmt":"2023-11-24T21:00:49","slug":"trabaja-con-nosotros","status":"publish","type":"page","link":"https:\/\/www.onemarketer.net\/es\/trabaja-con-nosotros\/","title":{"rendered":"Trabaja con nosotros"},"content":{"rendered":"<p>Fuimos uno de los primeros partners de WhatsApp y hoy estamos en b\u00fasqueda constante de nuevos partners para crear soluciones de clase mundial y alcanzar una profunda internacionalizaci\u00f3n. Nos gusta trabajar con excelencia, con el gusto por los detalles y con pasi\u00f3n por lo que hacemos. Buscamos personas que quieran unirse a nuestro equipo, que se sientan motivadas por lo que hacen d\u00eda a d\u00eda y que enfrenten a los desaf\u00edos como una oportunidad y aprendizajes.<\/p>\n","protected":false},"excerpt":{"rendered":"<p>Fuimos uno de los primeros partners de WhatsApp y hoy estamos en b\u00fasqueda constante de nuevos partners para crear soluciones de clase mundial y alcanzar una profunda internacionalizaci\u00f3n. Nos gusta trabajar con excelencia, con el gusto por los detalles y con pasi\u00f3n por lo que hacemos. Buscamos personas que quieran unirse a nuestro equipo, que&#8230;<\/p>\n","protected":false},"author":1,"featured_media":5575,"parent":0,"menu_order":0,"comment_status":"closed","ping_status":"closed","template":"page-trabaja-con-nosotros.php","meta":{"_acf_changed":false,"footnotes":""},"class_list":["post-8","page","type-page","status-publish","has-post-thumbnail","hentry"],"acf":[],"_links":{"self":[{"href":"https:\/\/www.onemarketer.net\/es\/wp-json\/wp\/v2\/pages\/8","targetHints":{"allow":["GET"]}}],"collection":[{"href":"https:\/\/www.onemarketer.net\/es\/wp-json\/wp\/v2\/pages"}],"about":[{"href":"https:\/\/www.onemarketer.net\/es\/wp-json\/wp\/v2\/types\/page"}],"author":[{"embeddable":true,"href":"https:\/\/www.onemarketer.net\/es\/wp-json\/wp\/v2\/users\/1"}],"replies":[{"embeddable":true,"href":"https:\/\/www.onemarketer.net\/es\/wp-json\/wp\/v2\/comments?post=8"}],"version-history":[{"count":31,"href":"https:\/\/www.onemarketer.net\/es\/wp-json\/wp\/v2\/pages\/8\/revisions"}],"predecessor-version":[{"id":7560,"href":"https:\/\/www.onemarketer.net\/es\/wp-json\/wp\/v2\/pages\/8\/revisions\/7560"}],"wp:featuredmedia":[{"embeddable":true,"href":"https:\/\/www.onemarketer.net\/es\/wp-json\/wp\/v2\/media\/5575"}],"wp:attachment":[{"href":"https:\/\/www.onemarketer.net\/es\/wp-json\/wp\/v2\/media?parent=8"}],"curies":[{"name":"wp","href":"https:\/\/api.w.org\/{rel}","templated":true}]}}