{"id":6567,"date":"2023-08-03T17:07:42","date_gmt":"2023-08-03T21:07:42","guid":{"rendered":"https:\/\/www.onemarketer.net\/?page_id=6567"},"modified":"2023-08-03T17:07:42","modified_gmt":"2023-08-03T21:07:42","slug":"status-whatsapp-api","status":"publish","type":"page","link":"https:\/\/www.onemarketer.net\/es\/status-whatsapp-api\/","title":{"rendered":"Status WhatsApp API"},"content":{"rendered":"<h2 style=\"text-align: center;\">WhatsApp Business API Reliability Dashboard<\/h2>\n<p style=\"text-align: center;\">En esta secci\u00f3n, se puede realizar seguimiento en tiempo real de las m\u00e9tricas de disponibilidad y latencia de Cloud API.<\/p>\n<p style=\"text-align: center;\">Tambi\u00e9n se puede consultar el rendimiento actual e hist\u00f3rico de la plataforma WhatsApp Business, incluidas vistas de calendario del rendimiento de los \u00faltimos 90 d\u00edas.<\/p>\n<h1 style=\"text-align: center;\"><\/h1>\n<h1 style=\"padding-left: 40px; text-align: center;\"><\/h1>\n<p style=\"padding-left: 40px; text-align: center;\"><iframe loading=\"lazy\" src=\"https:\/\/metastatus.com\/whatsapp-business-api\/\" width=\"90%\" height=\"1600\"><span data-mce-type=\"bookmark\" style=\"display: inline-block; width: 0px; overflow: hidden; line-height: 1000;\" class=\"mce_SELRES_start\"><span data-mce-type=\"bookmark\" style=\"display: inline-block; width: 0px; overflow: hidden; line-height: 0;\" class=\"mce_SELRES_start\">\ufeff<\/span>\ufeff<\/span><\/iframe><\/p>\n","protected":false},"excerpt":{"rendered":"<p>WhatsApp Business API Reliability Dashboard En esta secci\u00f3n, se puede realizar seguimiento en tiempo real de las m\u00e9tricas de disponibilidad y latencia de Cloud API. Tambi\u00e9n se puede consultar el rendimiento actual e hist\u00f3rico de la plataforma WhatsApp Business, incluidas vistas de calendario del rendimiento de los \u00faltimos 90 d\u00edas. \ufeff\ufeff<\/p>\n","protected":false},"author":18,"featured_media":0,"parent":0,"menu_order":0,"comment_status":"closed","ping_status":"closed","template":"","meta":{"_acf_changed":false,"footnotes":""},"class_list":["post-6567","page","type-page","status-publish","hentry"],"acf":[],"_links":{"self":[{"href":"https:\/\/www.onemarketer.net\/es\/wp-json\/wp\/v2\/pages\/6567","targetHints":{"allow":["GET"]}}],"collection":[{"href":"https:\/\/www.onemarketer.net\/es\/wp-json\/wp\/v2\/pages"}],"about":[{"href":"https:\/\/www.onemarketer.net\/es\/wp-json\/wp\/v2\/types\/page"}],"author":[{"embeddable":true,"href":"https:\/\/www.onemarketer.net\/es\/wp-json\/wp\/v2\/users\/18"}],"replies":[{"embeddable":true,"href":"https:\/\/www.onemarketer.net\/es\/wp-json\/wp\/v2\/comments?post=6567"}],"version-history":[{"count":1,"href":"https:\/\/www.onemarketer.net\/es\/wp-json\/wp\/v2\/pages\/6567\/revisions"}],"predecessor-version":[{"id":6568,"href":"https:\/\/www.onemarketer.net\/es\/wp-json\/wp\/v2\/pages\/6567\/revisions\/6568"}],"wp:attachment":[{"href":"https:\/\/www.onemarketer.net\/es\/wp-json\/wp\/v2\/media?parent=6567"}],"curies":[{"name":"wp","href":"https:\/\/api.w.org\/{rel}","templated":true}]}}