{"id":10,"date":"2022-06-09T21:06:38","date_gmt":"2022-06-09T21:06:38","guid":{"rendered":"https:\/\/www.onemarketer.net\/?page_id=10"},"modified":"2025-01-28T11:13:04","modified_gmt":"2025-01-28T14:13:04","slug":"contacto","status":"publish","type":"page","link":"https:\/\/www.onemarketer.net\/es\/contacto\/","title":{"rendered":"Contacto"},"content":{"rendered":"<p><strong>Queremos conocer sobre ti.<\/strong> Somos tu aliado en soluciones digitales. Conectamos tu marca con clientes y automatizamos el proceso mediante inteligencia artificial. Podr\u00e1s, adem\u00e1s, cerrar negocios desde una \u00fanica plataforma omnicanal.<\/p>\n","protected":false},"excerpt":{"rendered":"<p>Queremos conocer sobre ti. Somos tu aliado en soluciones digitales. Conectamos tu marca con clientes y automatizamos el proceso mediante inteligencia artificial. Podr\u00e1s, adem\u00e1s, cerrar negocios desde una \u00fanica plataforma omnicanal.<\/p>\n","protected":false},"author":1,"featured_media":0,"parent":0,"menu_order":0,"comment_status":"closed","ping_status":"closed","template":"page-contacto.php","meta":{"_acf_changed":false,"footnotes":""},"class_list":["post-10","page","type-page","status-publish","hentry"],"acf":[],"_links":{"self":[{"href":"https:\/\/www.onemarketer.net\/es\/wp-json\/wp\/v2\/pages\/10","targetHints":{"allow":["GET"]}}],"collection":[{"href":"https:\/\/www.onemarketer.net\/es\/wp-json\/wp\/v2\/pages"}],"about":[{"href":"https:\/\/www.onemarketer.net\/es\/wp-json\/wp\/v2\/types\/page"}],"author":[{"embeddable":true,"href":"https:\/\/www.onemarketer.net\/es\/wp-json\/wp\/v2\/users\/1"}],"replies":[{"embeddable":true,"href":"https:\/\/www.onemarketer.net\/es\/wp-json\/wp\/v2\/comments?post=10"}],"version-history":[{"count":19,"href":"https:\/\/www.onemarketer.net\/es\/wp-json\/wp\/v2\/pages\/10\/revisions"}],"predecessor-version":[{"id":10871,"href":"https:\/\/www.onemarketer.net\/es\/wp-json\/wp\/v2\/pages\/10\/revisions\/10871"}],"wp:attachment":[{"href":"https:\/\/www.onemarketer.net\/es\/wp-json\/wp\/v2\/media?parent=10"}],"curies":[{"name":"wp","href":"https:\/\/api.w.org\/{rel}","templated":true}]}}